{"id":1448,"date":"2022-08-25T13:27:00","date_gmt":"2022-08-25T13:27:00","guid":{"rendered":"https:\/\/learnabody.com\/index.php\/home\/"},"modified":"2026-01-26T18:47:24","modified_gmt":"2026-01-26T18:47:24","slug":"home","status":"publish","type":"page","link":"https:\/\/learnabody.com\/tr\/","title":{"rendered":"Ana sayfa"},"content":{"rendered":"\t\t<div data-elementor-type=\"wp-page\" data-elementor-id=\"1448\" class=\"elementor elementor-1448\">\n\t\t\t\t<div class=\"elementor-element elementor-element-9783628 e-flex e-con-boxed e-con e-parent\" data-id=\"9783628\" data-element_type=\"container\" data-settings=\"{&quot;background_background&quot;:&quot;classic&quot;,&quot;content_width&quot;:&quot;boxed&quot;}\" data-core-v316-plus=\"true\">\n\t\t\t\t\t<div class=\"e-con-inner\">\n\t\t<div class=\"elementor-element elementor-element-05ba369 e-con-full e-flex e-con e-child\" data-id=\"05ba369\" data-element_type=\"container\" data-settings=\"{&quot;content_width&quot;:&quot;full&quot;}\">\n\t\t\t\t<div class=\"elementor-element elementor-element-5117318 elementor-widget elementor-widget-spacer\" data-id=\"5117318\" data-element_type=\"widget\" data-widget_type=\"spacer.default\">\n\t\t\t\t<div class=\"elementor-widget-container\">\n\t\t\t<style>\/*! elementor - v3.19.0 - 07-02-2024 *\/\n.elementor-column .elementor-spacer-inner{height:var(--spacer-size)}.e-con{--container-widget-width:100%}.e-con-inner>.elementor-widget-spacer,.e-con>.elementor-widget-spacer{width:var(--container-widget-width,var(--spacer-size));--align-self:var(--container-widget-align-self,initial);--flex-shrink:0}.e-con-inner>.elementor-widget-spacer>.elementor-widget-container,.e-con>.elementor-widget-spacer>.elementor-widget-container{height:100%;width:100%}.e-con-inner>.elementor-widget-spacer>.elementor-widget-container>.elementor-spacer,.e-con>.elementor-widget-spacer>.elementor-widget-container>.elementor-spacer{height:100%}.e-con-inner>.elementor-widget-spacer>.elementor-widget-container>.elementor-spacer>.elementor-spacer-inner,.e-con>.elementor-widget-spacer>.elementor-widget-container>.elementor-spacer>.elementor-spacer-inner{height:var(--container-widget-height,var(--spacer-size))}.e-con-inner>.elementor-widget-spacer.elementor-widget-empty,.e-con>.elementor-widget-spacer.elementor-widget-empty{position:relative;min-height:22px;min-width:22px}.e-con-inner>.elementor-widget-spacer.elementor-widget-empty .elementor-widget-empty-icon,.e-con>.elementor-widget-spacer.elementor-widget-empty .elementor-widget-empty-icon{position:absolute;top:0;bottom:0;left:0;right:0;margin:auto;padding:0;width:22px;height:22px}<\/style>\t\t<div class=\"elementor-spacer\">\n\t\t\t<div class=\"elementor-spacer-inner\"><\/div>\n\t\t<\/div>\n\t\t\t\t<\/div>\n\t\t\t\t<\/div>\n\t\t\t\t<div class=\"elementor-element elementor-element-936a3d8 elementor-widget elementor-widget-heading\" data-id=\"936a3d8\" data-element_type=\"widget\" data-widget_type=\"heading.default\">\n\t\t\t\t<div class=\"elementor-widget-container\">\n\t\t\t<style>\/*! elementor - v3.19.0 - 07-02-2024 *\/\n.elementor-heading-title{padding:0;margin:0;line-height:1}.elementor-widget-heading .elementor-heading-title[class*=elementor-size-]>a{color:inherit;font-size:inherit;line-height:inherit}.elementor-widget-heading .elementor-heading-title.elementor-size-small{font-size:15px}.elementor-widget-heading .elementor-heading-title.elementor-size-medium{font-size:19px}.elementor-widget-heading .elementor-heading-title.elementor-size-large{font-size:29px}.elementor-widget-heading .elementor-heading-title.elementor-size-xl{font-size:39px}.elementor-widget-heading .elementor-heading-title.elementor-size-xxl{font-size:59px}<\/style><h1 class=\"elementor-heading-title elementor-size-default\">Learn a body<\/h1>\t\t<\/div>\n\t\t\t\t<\/div>\n\t\t\t\t<div class=\"elementor-element elementor-element-0e8694a elementor-align-center elementor-widget elementor-widget-button\" data-id=\"0e8694a\" data-element_type=\"widget\" data-widget_type=\"button.default\">\n\t\t\t\t<div class=\"elementor-widget-container\">\n\t\t\t\t\t<div class=\"elementor-button-wrapper\">\n\t\t\t<a class=\"elementor-button elementor-button-link elementor-size-sm\" href=\"https:\/\/learnabody.com\/articles\/\">\n\t\t\t\t\t\t<span class=\"elementor-button-content-wrapper\">\n\t\t\t\t\t\t<span class=\"elementor-button-text\">Ke\u015ffet<\/span>\n\t\t<\/span>\n\t\t\t\t\t<\/a>\n\t\t<\/div>\n\t\t\t\t<\/div>\n\t\t\t\t<\/div>\n\t\t\t\t<\/div>\n\t\t\t\t\t<\/div>\n\t\t\t\t<\/div>\n\t\t<div class=\"elementor-element elementor-element-8ab68f2 e-flex e-con-boxed e-con e-parent\" data-id=\"8ab68f2\" data-element_type=\"container\" data-settings=\"{&quot;content_width&quot;:&quot;boxed&quot;}\" data-core-v316-plus=\"true\">\n\t\t\t\t\t<div class=\"e-con-inner\">\n\t\t\t\t<div class=\"elementor-element elementor-element-226b937 elementor-widget elementor-widget-heading\" data-id=\"226b937\" data-element_type=\"widget\" data-widget_type=\"heading.default\">\n\t\t\t\t<div class=\"elementor-widget-container\">\n\t\t\t<h2 class=\"elementor-heading-title elementor-size-default\"><a href=\"https:\/\/learnabody.com\/articles\/\">Son Makaleler<\/a><\/h2>\t\t<\/div>\n\t\t\t\t<\/div>\n\t\t\t\t\t<\/div>\n\t\t\t\t<\/div>\n\t\t<div class=\"elementor-element elementor-element-1c5497f e-flex e-con-boxed e-con e-parent\" data-id=\"1c5497f\" data-element_type=\"container\" data-settings=\"{&quot;content_width&quot;:&quot;boxed&quot;}\" data-core-v316-plus=\"true\">\n\t\t\t\t\t<div class=\"e-con-inner\">\n\t\t<div class=\"elementor-element elementor-element-81d5d85 e-con-full e-flex e-con e-child\" data-id=\"81d5d85\" data-element_type=\"container\" data-settings=\"{&quot;content_width&quot;:&quot;full&quot;}\">\n\t\t\t\t<div class=\"elementor-element elementor-element-2d0b505 elementor-widget elementor-widget-image\" data-id=\"2d0b505\" data-element_type=\"widget\" data-widget_type=\"image.default\">\n\t\t\t\t<div class=\"elementor-widget-container\">\n\t\t\t<style>\/*! elementor - v3.19.0 - 07-02-2024 *\/\n.elementor-widget-image{text-align:center}.elementor-widget-image a{display:inline-block}.elementor-widget-image a img[src$=\".svg\"]{width:48px}.elementor-widget-image img{vertical-align:middle;display:inline-block}<\/style>\t\t\t\t\t\t\t\t\t\t\t<a href=\"https:\/\/learnabody.com\/why-medicine\">\n\t\t\t\t\t\t\t<img fetchpriority=\"high\" decoding=\"async\" width=\"736\" height=\"736\" src=\"https:\/\/learnabody.com\/tr\/wp-content\/uploads\/2024\/03\/Nursing-School-Motivation.jpeg\" class=\"attachment-large size-large wp-image-1936\" alt=\"\" srcset=\"https:\/\/learnabody.com\/tr\/wp-content\/uploads\/2024\/03\/Nursing-School-Motivation.jpeg 736w, https:\/\/learnabody.com\/tr\/wp-content\/uploads\/2024\/03\/Nursing-School-Motivation-300x300.jpeg 300w, https:\/\/learnabody.com\/tr\/wp-content\/uploads\/2024\/03\/Nursing-School-Motivation-150x150.jpeg 150w\" sizes=\"(max-width: 736px) 100vw, 736px\" \/>\t\t\t\t\t\t\t\t<\/a>\n\t\t\t\t\t\t\t\t\t\t\t\t\t<\/div>\n\t\t\t\t<\/div>\n\t\t\t\t<\/div>\n\t\t<div class=\"elementor-element elementor-element-360fb83 e-con-full e-flex e-con e-child\" data-id=\"360fb83\" data-element_type=\"container\" data-settings=\"{&quot;content_width&quot;:&quot;full&quot;}\">\n\t\t\t\t<div class=\"elementor-element elementor-element-c94affc elementor-widget elementor-widget-heading\" data-id=\"c94affc\" data-element_type=\"widget\" data-widget_type=\"heading.default\">\n\t\t\t\t<div class=\"elementor-widget-container\">\n\t\t\t<h3 class=\"elementor-heading-title elementor-size-default\"><a href=\"https:\/\/learnabody.com\/why-medicine\">Ni\u00e7in T\u0131p<\/a><\/h3>\t\t<\/div>\n\t\t\t\t<\/div>\n\t\t\t\t<div class=\"elementor-element elementor-element-2fdee5a elementor-widget elementor-widget-text-editor\" data-id=\"2fdee5a\" data-element_type=\"widget\" data-widget_type=\"text-editor.default\">\n\t\t\t\t<div class=\"elementor-widget-container\">\n\t\t\t<style>\/*! elementor - v3.19.0 - 07-02-2024 *\/\n.elementor-widget-text-editor.elementor-drop-cap-view-stacked .elementor-drop-cap{background-color:#69727d;color:#fff}.elementor-widget-text-editor.elementor-drop-cap-view-framed .elementor-drop-cap{color:#69727d;border:3px solid;background-color:transparent}.elementor-widget-text-editor:not(.elementor-drop-cap-view-default) .elementor-drop-cap{margin-top:8px}.elementor-widget-text-editor:not(.elementor-drop-cap-view-default) .elementor-drop-cap-letter{width:1em;height:1em}.elementor-widget-text-editor .elementor-drop-cap{float:left;text-align:center;line-height:1;font-size:50px}.elementor-widget-text-editor .elementor-drop-cap-letter{display:inline-block}<\/style>\t\t\t\t<p>Bu makale, t\u0131bb\u0131n derin cazibesini ara\u015ft\u0131r\u0131yor, sa\u011fl\u0131k anlay\u0131\u015f\u0131nda, \u015fefkati te\u015fvik etmede ve olumlu de\u011fi\u015fimi y\u00f6nlendirmedeki rol\u00fcn\u00fc derinlemesine inceliyor. Etkileyici anlat\u0131lar arac\u0131l\u0131\u011f\u0131yla, okuyucular\u0131 t\u0131pta kariyer se\u00e7menin ard\u0131ndaki daha derin anlam\u0131 ve bireyler ve toplumlar \u00fczerindeki kal\u0131c\u0131 etkisini d\u00fc\u015f\u00fcnmeye davet ediyor.<\/p>\t\t\t\t\t\t<\/div>\n\t\t\t\t<\/div>\n\t\t\t\t<div class=\"elementor-element elementor-element-8617a4c elementor-widget elementor-widget-button\" data-id=\"8617a4c\" data-element_type=\"widget\" data-widget_type=\"button.default\">\n\t\t\t\t<div class=\"elementor-widget-container\">\n\t\t\t\t\t<div class=\"elementor-button-wrapper\">\n\t\t\t<a class=\"elementor-button elementor-button-link elementor-size-sm\" href=\"https:\/\/learnabody.com\/tr\/why-medicine\" target=\"_blank\">\n\t\t\t\t\t\t<span class=\"elementor-button-content-wrapper\">\n\t\t\t\t\t\t<span class=\"elementor-button-text\">Ke\u015ffet<\/span>\n\t\t<\/span>\n\t\t\t\t\t<\/a>\n\t\t<\/div>\n\t\t\t\t<\/div>\n\t\t\t\t<\/div>\n\t\t\t\t<\/div>\n\t\t\t\t\t<\/div>\n\t\t\t\t<\/div>\n\t\t<div class=\"elementor-element elementor-element-dbefe0d e-con-full e-flex e-con e-parent\" data-id=\"dbefe0d\" data-element_type=\"container\" data-settings=\"{&quot;content_width&quot;:&quot;full&quot;}\" data-core-v316-plus=\"true\">\n\t\t<div class=\"elementor-element elementor-element-ff32969 e-con-full e-flex e-con e-child\" data-id=\"ff32969\" data-element_type=\"container\" data-settings=\"{&quot;content_width&quot;:&quot;full&quot;}\">\n\t\t\t\t<div class=\"elementor-element elementor-element-5aa07b6 elementor-widget elementor-widget-image\" data-id=\"5aa07b6\" data-element_type=\"widget\" data-widget_type=\"image.default\">\n\t\t\t\t<div class=\"elementor-widget-container\">\n\t\t\t\t\t\t\t\t\t\t\t\t\t\t<a href=\"http:\/\/akafi.com\">\n\t\t\t\t\t\t\t<img decoding=\"async\" width=\"1919\" height=\"2560\" src=\"https:\/\/learnabody.com\/tr\/wp-content\/uploads\/2024\/05\/IMG_0580-scaled-1.jpeg\" class=\"attachment-full size-full wp-image-2109\" alt=\"\" srcset=\"https:\/\/learnabody.com\/tr\/wp-content\/uploads\/2024\/05\/IMG_0580-scaled-1.jpeg 1919w, https:\/\/learnabody.com\/tr\/wp-content\/uploads\/2024\/05\/IMG_0580-scaled-1-225x300.jpeg 225w, https:\/\/learnabody.com\/tr\/wp-content\/uploads\/2024\/05\/IMG_0580-scaled-1-768x1025.jpeg 768w, https:\/\/learnabody.com\/tr\/wp-content\/uploads\/2024\/05\/IMG_0580-scaled-1-1151x1536.jpeg 1151w, https:\/\/learnabody.com\/tr\/wp-content\/uploads\/2024\/05\/IMG_0580-scaled-1-1535x2048.jpeg 1535w\" sizes=\"(max-width: 1919px) 100vw, 1919px\" \/>\t\t\t\t\t\t\t\t<\/a>\n\t\t\t\t\t\t\t\t\t\t\t\t\t<\/div>\n\t\t\t\t<\/div>\n\t\t\t\t<div class=\"elementor-element elementor-element-5d92ff2 elementor-widget elementor-widget-heading\" data-id=\"5d92ff2\" data-element_type=\"widget\" data-widget_type=\"heading.default\">\n\t\t\t\t<div class=\"elementor-widget-container\">\n\t\t\t<h3 class=\"elementor-heading-title elementor-size-default\"><a href=\"http:\/\/Www.akafi.com\">Alireza Akafi<\/a><\/h3>\t\t<\/div>\n\t\t\t\t<\/div>\n\t\t\t\t<\/div>\n\t\t<div class=\"elementor-element elementor-element-722452c e-flex e-con-boxed e-con e-child\" data-id=\"722452c\" data-element_type=\"container\" data-settings=\"{&quot;content_width&quot;:&quot;boxed&quot;}\">\n\t\t\t\t\t<div class=\"e-con-inner\">\n\t\t\t\t<div class=\"elementor-element elementor-element-4a1330e elementor-widget elementor-widget-image\" data-id=\"4a1330e\" data-element_type=\"widget\" data-widget_type=\"image.default\">\n\t\t\t\t<div class=\"elementor-widget-container\">\n\t\t\t\t\t\t\t\t\t\t\t\t\t<img decoding=\"async\" width=\"768\" height=\"1024\" src=\"https:\/\/learnabody.com\/tr\/wp-content\/uploads\/2024\/05\/IMG_0582-scaled-1-768x1024.jpeg\" class=\"attachment-large size-large wp-image-2110\" alt=\"\" srcset=\"https:\/\/learnabody.com\/tr\/wp-content\/uploads\/2024\/05\/IMG_0582-scaled-1-768x1025.jpeg 768w, https:\/\/learnabody.com\/tr\/wp-content\/uploads\/2024\/05\/IMG_0582-scaled-1-225x300.jpeg 225w, https:\/\/learnabody.com\/tr\/wp-content\/uploads\/2024\/05\/IMG_0582-scaled-1-1151x1536.jpeg 1151w, https:\/\/learnabody.com\/tr\/wp-content\/uploads\/2024\/05\/IMG_0582-scaled-1-1535x2048.jpeg 1535w, https:\/\/learnabody.com\/tr\/wp-content\/uploads\/2024\/05\/IMG_0582-scaled-1.jpeg 1919w\" sizes=\"(max-width: 768px) 100vw, 768px\" \/>\t\t\t\t\t\t\t\t\t\t\t\t\t<\/div>\n\t\t\t\t<\/div>\n\t\t\t\t<div class=\"elementor-element elementor-element-19560b1 elementor-widget elementor-widget-heading\" data-id=\"19560b1\" data-element_type=\"widget\" data-widget_type=\"heading.default\">\n\t\t\t\t<div class=\"elementor-widget-container\">\n\t\t\t<h3 class=\"elementor-heading-title elementor-size-default\">Alperen \u00d6zkan<\/h3>\t\t<\/div>\n\t\t\t\t<\/div>\n\t\t\t\t\t<\/div>\n\t\t\t\t<\/div>\n\t\t<div class=\"elementor-element elementor-element-4d1c42d e-con-full e-flex e-con e-child\" data-id=\"4d1c42d\" data-element_type=\"container\" data-settings=\"{&quot;content_width&quot;:&quot;full&quot;}\">\n\t\t\t\t<div class=\"elementor-element elementor-element-24ec493 elementor-widget elementor-widget-image\" data-id=\"24ec493\" data-element_type=\"widget\" data-widget_type=\"image.default\">\n\t\t\t\t<div class=\"elementor-widget-container\">\n\t\t\t\t\t\t\t\t\t\t\t\t\t<img loading=\"lazy\" decoding=\"async\" width=\"768\" height=\"1024\" src=\"https:\/\/learnabody.com\/tr\/wp-content\/uploads\/2024\/05\/IMG_0581-scaled-1-768x1024.jpeg\" class=\"attachment-large size-large wp-image-2111\" alt=\"\" srcset=\"https:\/\/learnabody.com\/tr\/wp-content\/uploads\/2024\/05\/IMG_0581-scaled-1-768x1025.jpeg 768w, https:\/\/learnabody.com\/tr\/wp-content\/uploads\/2024\/05\/IMG_0581-scaled-1-225x300.jpeg 225w, https:\/\/learnabody.com\/tr\/wp-content\/uploads\/2024\/05\/IMG_0581-scaled-1-1151x1536.jpeg 1151w, https:\/\/learnabody.com\/tr\/wp-content\/uploads\/2024\/05\/IMG_0581-scaled-1-1535x2048.jpeg 1535w, https:\/\/learnabody.com\/tr\/wp-content\/uploads\/2024\/05\/IMG_0581-scaled-1.jpeg 1919w\" sizes=\"(max-width: 768px) 100vw, 768px\" \/>\t\t\t\t\t\t\t\t\t\t\t\t\t<\/div>\n\t\t\t\t<\/div>\n\t\t\t\t<div class=\"elementor-element elementor-element-bbee561 elementor-widget elementor-widget-heading\" data-id=\"bbee561\" data-element_type=\"widget\" data-widget_type=\"heading.default\">\n\t\t\t\t<div class=\"elementor-widget-container\">\n\t\t\t<h3 class=\"elementor-heading-title elementor-size-default\">Emhammed Alsagher<\/h3>\t\t<\/div>\n\t\t\t\t<\/div>\n\t\t\t\t<\/div>\n\t\t\t\t<\/div>\n\t\t<div class=\"elementor-element elementor-element-79c45e3 e-flex e-con-boxed e-con e-parent\" data-id=\"79c45e3\" data-element_type=\"container\" data-settings=\"{&quot;content_width&quot;:&quot;boxed&quot;}\" data-core-v316-plus=\"true\">\n\t\t\t\t\t<div class=\"e-con-inner\">\n\t\t<div class=\"elementor-element elementor-element-e5856a5 e-con-full e-flex e-con e-child\" data-id=\"e5856a5\" data-element_type=\"container\" data-settings=\"{&quot;content_width&quot;:&quot;full&quot;}\">\n\t\t\t\t<div class=\"elementor-element elementor-element-730927d elementor-widget elementor-widget-heading\" data-id=\"730927d\" data-element_type=\"widget\" data-widget_type=\"heading.default\">\n\t\t\t\t<div class=\"elementor-widget-container\">\n\t\t\t<h2 class=\"elementor-heading-title elementor-size-default\">Hakk\u0131m\u0131zda<\/h2>\t\t<\/div>\n\t\t\t\t<\/div>\n\t\t\t\t<div class=\"elementor-element elementor-element-76c64fc elementor-widget elementor-widget-text-editor\" data-id=\"76c64fc\" data-element_type=\"widget\" data-widget_type=\"text-editor.default\">\n\t\t\t\t<div class=\"elementor-widget-container\">\n\t\t\t\t\t\t\t<p><strong>Learn A Body\u2019ye ho\u015f geldiniz!<\/strong><br \/>Tutkumuz, t\u0131p biliminin karma\u015f\u0131kl\u0131klar\u0131n\u0131 \u00e7\u00f6zerek herkes i\u00e7in anla\u015f\u0131l\u0131r ve keyifli hale getirmektir. \u00c7e\u015fitli alanlardan gelen ekibimiz; t\u0131p, e\u011fitim ve teknoloji uzmanl\u0131\u011f\u0131n\u0131 bir araya getirerek insan v\u00fccudunun mucizelerini kolayl\u0131kla ke\u015ffedebilece\u011finiz s\u0131cak ve davetk\u00e2r bir ortam sunar. A\u00e7\u0131k ve anla\u015f\u0131l\u0131r anlat\u0131mlar, etkileyici g\u00f6rseller, pratik ipu\u00e7lar\u0131 ve destekleyici bir topluluk arac\u0131l\u0131\u011f\u0131yla bireylerin sa\u011fl\u0131k ve iyi olu\u015flar\u0131n\u0131n kontrol\u00fcn\u00fc eline almas\u0131n\u0131 ama\u00e7l\u0131yoruz. Bu b\u00fcy\u00fcleyici ke\u015fif yolculu\u011funa birlikte \u00e7\u0131kmaya davetlisiniz!<\/p>\t\t\t\t\t\t<\/div>\n\t\t\t\t<\/div>\n\t\t\t\t<\/div>\n\t\t<div class=\"elementor-element elementor-element-52da0ea e-con-full e-flex e-con e-child\" data-id=\"52da0ea\" data-element_type=\"container\" data-settings=\"{&quot;content_width&quot;:&quot;full&quot;}\">\n\t\t\t\t<div class=\"elementor-element elementor-element-5ee262f elementor-widget elementor-widget-image\" data-id=\"5ee262f\" data-element_type=\"widget\" data-widget_type=\"image.default\">\n\t\t\t\t<div class=\"elementor-widget-container\">\n\t\t\t\t\t\t\t\t\t\t\t\t\t<img loading=\"lazy\" decoding=\"async\" width=\"740\" height=\"415\" src=\"https:\/\/learnabody.com\/tr\/wp-content\/uploads\/2024\/02\/7cd6fb9a-d2e3-4eb3-bacb-8519778931d5.jpeg\" class=\"attachment-full size-full wp-image-1866\" alt=\"\" srcset=\"https:\/\/learnabody.com\/tr\/wp-content\/uploads\/2024\/02\/7cd6fb9a-d2e3-4eb3-bacb-8519778931d5.jpeg 740w, https:\/\/learnabody.com\/tr\/wp-content\/uploads\/2024\/02\/7cd6fb9a-d2e3-4eb3-bacb-8519778931d5-300x168.jpeg 300w\" sizes=\"(max-width: 740px) 100vw, 740px\" \/>\t\t\t\t\t\t\t\t\t\t\t\t\t<\/div>\n\t\t\t\t<\/div>\n\t\t\t\t<\/div>\n\t\t\t\t\t<\/div>\n\t\t\t\t<\/div>\n\t\t<div class=\"elementor-element elementor-element-450eaa0 e-flex e-con-boxed e-con e-parent\" data-id=\"450eaa0\" data-element_type=\"container\" data-settings=\"{&quot;content_width&quot;:&quot;boxed&quot;}\" data-core-v316-plus=\"true\">\n\t\t\t\t\t<div class=\"e-con-inner\">\n\t\t<div class=\"elementor-element elementor-element-f6ffd63 e-con-full e-flex e-con e-child\" data-id=\"f6ffd63\" data-element_type=\"container\" data-settings=\"{&quot;content_width&quot;:&quot;full&quot;}\">\n\t\t\t\t<div class=\"elementor-element elementor-element-6778947 elementor-widget elementor-widget-heading\" data-id=\"6778947\" data-element_type=\"widget\" data-widget_type=\"heading.default\">\n\t\t\t\t<div class=\"elementor-widget-container\">\n\t\t\t<h2 class=\"elementor-heading-title elementor-size-default\">\u0130leti\u015fime ge\u00e7<\/h2>\t\t<\/div>\n\t\t\t\t<\/div>\n\t\t\t\t<div class=\"elementor-element elementor-element-8206182 elementor-widget elementor-widget-text-editor\" data-id=\"8206182\" data-element_type=\"widget\" data-widget_type=\"text-editor.default\">\n\t\t\t\t<div class=\"elementor-widget-container\">\n\t\t\t\t\t\t\t<p>Sorular\u0131n\u0131z m\u0131 var? Bizimle her zaman ileti\u015fime ge\u00e7ebilirsiniz. Size nas\u0131l yard\u0131mc\u0131 olabiliriz?<\/p>\t\t\t\t\t\t<\/div>\n\t\t\t\t<\/div>\n\t\t\t\t<div class=\"elementor-element elementor-element-b8fec4b elementor-align-center elementor-widget elementor-widget-button\" data-id=\"b8fec4b\" data-element_type=\"widget\" data-widget_type=\"button.default\">\n\t\t\t\t<div class=\"elementor-widget-container\">\n\t\t\t\t\t<div class=\"elementor-button-wrapper\">\n\t\t\t<a class=\"elementor-button elementor-button-link elementor-size-sm\" href=\"https:\/\/learnabody.com\/contact\/\">\n\t\t\t\t\t\t<span class=\"elementor-button-content-wrapper\">\n\t\t\t\t\t\t<span class=\"elementor-button-text\">Konu\u015f<\/span>\n\t\t<\/span>\n\t\t\t\t\t<\/a>\n\t\t<\/div>\n\t\t\t\t<\/div>\n\t\t\t\t<\/div>\n\t\t\t\t<\/div>\n\t\t\t\t\t<\/div>\n\t\t\t\t<\/div>\n\t\t\t\t<\/div>\n\t\t","protected":false},"excerpt":{"rendered":"<p>Learn a body Ke\u015ffet Son Makaleler Ni\u00e7in T\u0131p Bu makale, t\u0131bb\u0131n derin cazibesini ara\u015ft\u0131r\u0131yor, sa\u011fl\u0131k anlay\u0131\u015f\u0131nda, \u015fefkati te\u015fvik etmede ve olumlu de\u011fi\u015fimi y\u00f6nlendirmedeki rol\u00fcn\u00fc derinlemesine inceliyor. Etkileyici anlat\u0131lar arac\u0131l\u0131\u011f\u0131yla, okuyucular\u0131 t\u0131pta kariyer se\u00e7menin ard\u0131ndaki daha derin anlam\u0131 ve bireyler ve toplumlar \u00fczerindeki kal\u0131c\u0131 etkisini d\u00fc\u015f\u00fcnmeye davet ediyor. Ke\u015ffet Alireza Akafi Alperen \u00d6zkan Emhammed Alsagher Hakk\u0131m\u0131zda [&hellip;]<\/p>\n","protected":false},"author":1,"featured_media":0,"parent":0,"menu_order":0,"comment_status":"closed","ping_status":"closed","template":"","meta":{"om_disable_all_campaigns":false,"_monsterinsights_skip_tracking":false,"_monsterinsights_sitenote_active":false,"_monsterinsights_sitenote_note":"","_monsterinsights_sitenote_category":0,"site-sidebar-layout":"no-sidebar","site-content-layout":"page-builder","ast-site-content-layout":"full-width-container","site-content-style":"unboxed","site-sidebar-style":"unboxed","ast-global-header-display":"","ast-banner-title-visibility":"","ast-main-header-display":"","ast-hfb-above-header-display":"","ast-hfb-below-header-display":"","ast-hfb-mobile-header-display":"","site-post-title":"disabled","ast-breadcrumbs-content":"","ast-featured-img":"disabled","footer-sml-layout":"","theme-transparent-header-meta":"enabled","adv-header-id-meta":"","stick-header-meta":"","header-above-stick-meta":"","header-main-stick-meta":"","header-below-stick-meta":"","astra-migrate-meta-layouts":"set","ast-page-background-enabled":"default","ast-page-background-meta":{"desktop":{"background-color":"var(--ast-global-color-4)","background-image":"","background-repeat":"repeat","background-position":"center center","background-size":"auto","background-attachment":"scroll","background-type":"","background-media":"","overlay-type":"","overlay-color":"","overlay-gradient":""},"tablet":{"background-color":"","background-image":"","background-repeat":"repeat","background-position":"center center","background-size":"auto","background-attachment":"scroll","background-type":"","background-media":"","overlay-type":"","overlay-color":"","overlay-gradient":""},"mobile":{"background-color":"","background-image":"","background-repeat":"repeat","background-position":"center center","background-size":"auto","background-attachment":"scroll","background-type":"","background-media":"","overlay-type":"","overlay-color":"","overlay-gradient":""}},"ast-content-background-meta":{"desktop":{"background-color":"var(--ast-global-color-5)","background-image":"","background-repeat":"repeat","background-position":"center center","background-size":"auto","background-attachment":"scroll","background-type":"","background-media":"","overlay-type":"","overlay-color":"","overlay-gradient":""},"tablet":{"background-color":"var(--ast-global-color-5)","background-image":"","background-repeat":"repeat","background-position":"center center","background-size":"auto","background-attachment":"scroll","background-type":"","background-media":"","overlay-type":"","overlay-color":"","overlay-gradient":""},"mobile":{"background-color":"var(--ast-global-color-5)","background-image":"","background-repeat":"repeat","background-position":"center center","background-size":"auto","background-attachment":"scroll","background-type":"","background-media":"","overlay-type":"","overlay-color":"","overlay-gradient":""}},"footnotes":""},"class_list":["post-1448","page","type-page","status-publish","hentry"],"aioseo_notices":[],"_links":{"self":[{"href":"https:\/\/learnabody.com\/tr\/wp-json\/wp\/v2\/pages\/1448","targetHints":{"allow":["GET"]}}],"collection":[{"href":"https:\/\/learnabody.com\/tr\/wp-json\/wp\/v2\/pages"}],"about":[{"href":"https:\/\/learnabody.com\/tr\/wp-json\/wp\/v2\/types\/page"}],"author":[{"embeddable":true,"href":"https:\/\/learnabody.com\/tr\/wp-json\/wp\/v2\/users\/1"}],"replies":[{"embeddable":true,"href":"https:\/\/learnabody.com\/tr\/wp-json\/wp\/v2\/comments?post=1448"}],"version-history":[{"count":142,"href":"https:\/\/learnabody.com\/tr\/wp-json\/wp\/v2\/pages\/1448\/revisions"}],"predecessor-version":[{"id":2224,"href":"https:\/\/learnabody.com\/tr\/wp-json\/wp\/v2\/pages\/1448\/revisions\/2224"}],"wp:attachment":[{"href":"https:\/\/learnabody.com\/tr\/wp-json\/wp\/v2\/media?parent=1448"}],"curies":[{"name":"wp","href":"https:\/\/api.w.org\/{rel}","templated":true}]}}